{"id":6473,"date":"2026-03-30T17:23:32","date_gmt":"2026-03-30T09:23:32","guid":{"rendered":"https:\/\/www.beilaitoy.com\/?post_type=product&#038;p=6473"},"modified":"2026-04-23T09:32:32","modified_gmt":"2026-04-23T01:32:32","slug":"dream-catch-custom-700-sqm-commercial-maze-amusement-park-soft-play-playland-entertainment-center-sets-kids-indoor-playground","status":"publish","type":"product","link":"https:\/\/www.beilaitoy.com\/tr\/product\/dream-catch-custom-700-sqm-commercial-maze-amusement-park-soft-play-playland-entertainment-center-sets-kids-indoor-playground\/","title":{"rendered":"700 SQM Ticari \u00d6zel Kapal\u0131 Oyun Alan\u0131 Labirenti"},"content":{"rendered":"","protected":false},"excerpt":{"rendered":"","protected":false},"featured_media":6479,"template":"","meta":{"_acf_changed":false,"footnotes":""},"product_category":[121],"product_filter":[127],"class_list":["post-6473","product","type-product","status-publish","has-post-thumbnail","hentry","product_category-indoor-playground","product_filter-500-1000"],"acf":[],"_links":{"self":[{"href":"https:\/\/www.beilaitoy.com\/tr\/wp-json\/wp\/v2\/product\/6473","targetHints":{"allow":["GET"]}}],"collection":[{"href":"https:\/\/www.beilaitoy.com\/tr\/wp-json\/wp\/v2\/product"}],"about":[{"href":"https:\/\/www.beilaitoy.com\/tr\/wp-json\/wp\/v2\/types\/product"}],"version-history":[{"count":8,"href":"https:\/\/www.beilaitoy.com\/tr\/wp-json\/wp\/v2\/product\/6473\/revisions"}],"predecessor-version":[{"id":6659,"href":"https:\/\/www.beilaitoy.com\/tr\/wp-json\/wp\/v2\/product\/6473\/revisions\/6659"}],"wp:featuredmedia":[{"embeddable":true,"href":"https:\/\/www.beilaitoy.com\/tr\/wp-json\/wp\/v2\/media\/6479"}],"wp:attachment":[{"href":"https:\/\/www.beilaitoy.com\/tr\/wp-json\/wp\/v2\/media?parent=6473"}],"wp:term":[{"taxonomy":"product_category","embeddable":true,"href":"https:\/\/www.beilaitoy.com\/tr\/wp-json\/wp\/v2\/product_category?post=6473"},{"taxonomy":"product_filter","embeddable":true,"href":"https:\/\/www.beilaitoy.com\/tr\/wp-json\/wp\/v2\/product_filter?post=6473"}],"curies":[{"name":"wp","href":"https:\/\/api.w.org\/{rel}","templated":true}]}}