{"id":6187,"date":"2025-11-03T13:50:53","date_gmt":"2025-11-03T05:50:53","guid":{"rendered":"https:\/\/www.beilaitoy.com\/?post_type=product&#038;p=6187"},"modified":"2025-11-03T13:52:38","modified_gmt":"2025-11-03T05:52:38","slug":"high-quality-style-fun-children-love-theme-indoor-playground-for-kids-playground-set","status":"publish","type":"product","link":"https:\/\/www.beilaitoy.com\/tr\/product\/high-quality-style-fun-children-love-theme-indoor-playground-for-kids-playground-set\/","title":{"rendered":"Y\u00fcksek kaliteli stil e\u011flenceli \u00e7ocuk a\u015fk temas\u0131 kapal\u0131 oyun alan\u0131 \u00e7ocuklar i\u00e7in Oyun Alan\u0131 Seti"},"content":{"rendered":"","protected":false},"excerpt":{"rendered":"","protected":false},"featured_media":6193,"template":"","meta":{"_acf_changed":false,"footnotes":""},"product_category":[120],"product_filter":[128],"class_list":["post-6187","product","type-product","status-publish","has-post-thumbnail","hentry","product_category-trampoline-park","product_filter-128"],"acf":[],"_links":{"self":[{"href":"https:\/\/www.beilaitoy.com\/tr\/wp-json\/wp\/v2\/product\/6187","targetHints":{"allow":["GET"]}}],"collection":[{"href":"https:\/\/www.beilaitoy.com\/tr\/wp-json\/wp\/v2\/product"}],"about":[{"href":"https:\/\/www.beilaitoy.com\/tr\/wp-json\/wp\/v2\/types\/product"}],"version-history":[{"count":1,"href":"https:\/\/www.beilaitoy.com\/tr\/wp-json\/wp\/v2\/product\/6187\/revisions"}],"predecessor-version":[{"id":6198,"href":"https:\/\/www.beilaitoy.com\/tr\/wp-json\/wp\/v2\/product\/6187\/revisions\/6198"}],"wp:featuredmedia":[{"embeddable":true,"href":"https:\/\/www.beilaitoy.com\/tr\/wp-json\/wp\/v2\/media\/6193"}],"wp:attachment":[{"href":"https:\/\/www.beilaitoy.com\/tr\/wp-json\/wp\/v2\/media?parent=6187"}],"wp:term":[{"taxonomy":"product_category","embeddable":true,"href":"https:\/\/www.beilaitoy.com\/tr\/wp-json\/wp\/v2\/product_category?post=6187"},{"taxonomy":"product_filter","embeddable":true,"href":"https:\/\/www.beilaitoy.com\/tr\/wp-json\/wp\/v2\/product_filter?post=6187"}],"curies":[{"name":"wp","href":"https:\/\/api.w.org\/{rel}","templated":true}]}}