{"id":6108,"date":"2025-10-27T10:38:54","date_gmt":"2025-10-27T02:38:54","guid":{"rendered":"https:\/\/www.beilaitoy.com\/?post_type=product&#038;p=6108"},"modified":"2026-04-15T17:28:21","modified_gmt":"2026-04-15T09:28:21","slug":"fun-interactive-indoor-playground-design-for-children","status":"publish","type":"product","link":"https:\/\/www.beilaitoy.com\/tr\/product\/fun-interactive-indoor-playground-design-for-children\/","title":{"rendered":"\u00c7ocuklar \u0130\u00e7in E\u011flenceli \u0130nteraktif Kapal\u0131 Oyun Alan\u0131 Tasar\u0131m\u0131"},"content":{"rendered":"","protected":false},"excerpt":{"rendered":"","protected":false},"featured_media":6109,"template":"","meta":{"_acf_changed":false,"footnotes":""},"product_category":[121],"product_filter":[126,127],"class_list":["post-6108","product","type-product","status-publish","has-post-thumbnail","hentry","product_category-indoor-playground","product_filter-300-500","product_filter-500-1000"],"acf":[],"_links":{"self":[{"href":"https:\/\/www.beilaitoy.com\/tr\/wp-json\/wp\/v2\/product\/6108","targetHints":{"allow":["GET"]}}],"collection":[{"href":"https:\/\/www.beilaitoy.com\/tr\/wp-json\/wp\/v2\/product"}],"about":[{"href":"https:\/\/www.beilaitoy.com\/tr\/wp-json\/wp\/v2\/types\/product"}],"version-history":[{"count":4,"href":"https:\/\/www.beilaitoy.com\/tr\/wp-json\/wp\/v2\/product\/6108\/revisions"}],"predecessor-version":[{"id":6605,"href":"https:\/\/www.beilaitoy.com\/tr\/wp-json\/wp\/v2\/product\/6108\/revisions\/6605"}],"wp:featuredmedia":[{"embeddable":true,"href":"https:\/\/www.beilaitoy.com\/tr\/wp-json\/wp\/v2\/media\/6109"}],"wp:attachment":[{"href":"https:\/\/www.beilaitoy.com\/tr\/wp-json\/wp\/v2\/media?parent=6108"}],"wp:term":[{"taxonomy":"product_category","embeddable":true,"href":"https:\/\/www.beilaitoy.com\/tr\/wp-json\/wp\/v2\/product_category?post=6108"},{"taxonomy":"product_filter","embeddable":true,"href":"https:\/\/www.beilaitoy.com\/tr\/wp-json\/wp\/v2\/product_filter?post=6108"}],"curies":[{"name":"wp","href":"https:\/\/api.w.org\/{rel}","templated":true}]}}