{"id":5717,"date":"2025-09-24T14:12:29","date_gmt":"2025-09-24T06:12:29","guid":{"rendered":"https:\/\/beilai.junj.cc\/?post_type=product&#038;p=5700"},"modified":"2025-10-23T17:10:39","modified_gmt":"2025-10-23T09:10:39","slug":"color-ball-pit-toddler-training-body-play-toys-soft-play","status":"publish","type":"product","link":"https:\/\/www.beilaitoy.com\/tr\/product\/color-ball-pit-toddler-training-body-play-toys-soft-play\/","title":{"rendered":"Renk topu \u00e7ukur toddler e\u011fitim v\u00fccut oyun oyuncaklar yumu\u015fak oyun"},"content":{"rendered":"","protected":false},"excerpt":{"rendered":"","protected":false},"featured_media":5827,"template":"","meta":{"_acf_changed":false,"footnotes":""},"product_category":[122],"product_filter":[129],"class_list":["post-5717","product","type-product","status-publish","has-post-thumbnail","hentry","product_category-small-indoor-playground","product_filter-no-restrictions"],"acf":[],"_links":{"self":[{"href":"https:\/\/www.beilaitoy.com\/tr\/wp-json\/wp\/v2\/product\/5717","targetHints":{"allow":["GET"]}}],"collection":[{"href":"https:\/\/www.beilaitoy.com\/tr\/wp-json\/wp\/v2\/product"}],"about":[{"href":"https:\/\/www.beilaitoy.com\/tr\/wp-json\/wp\/v2\/types\/product"}],"version-history":[{"count":2,"href":"https:\/\/www.beilaitoy.com\/tr\/wp-json\/wp\/v2\/product\/5717\/revisions"}],"predecessor-version":[{"id":5840,"href":"https:\/\/www.beilaitoy.com\/tr\/wp-json\/wp\/v2\/product\/5717\/revisions\/5840"}],"wp:featuredmedia":[{"embeddable":true,"href":"https:\/\/www.beilaitoy.com\/tr\/wp-json\/wp\/v2\/media\/5827"}],"wp:attachment":[{"href":"https:\/\/www.beilaitoy.com\/tr\/wp-json\/wp\/v2\/media?parent=5717"}],"wp:term":[{"taxonomy":"product_category","embeddable":true,"href":"https:\/\/www.beilaitoy.com\/tr\/wp-json\/wp\/v2\/product_category?post=5717"},{"taxonomy":"product_filter","embeddable":true,"href":"https:\/\/www.beilaitoy.com\/tr\/wp-json\/wp\/v2\/product_filter?post=5717"}],"curies":[{"name":"wp","href":"https:\/\/api.w.org\/{rel}","templated":true}]}}