{"id":5708,"date":"2025-09-24T09:55:56","date_gmt":"2025-09-24T01:55:56","guid":{"rendered":"https:\/\/beilai.junj.cc\/?post_type=product&#038;p=5700"},"modified":"2025-10-23T17:10:32","modified_gmt":"2025-10-23T09:10:32","slug":"hot-sale-indoor-playground-children-naughty-fort-park","status":"publish","type":"product","link":"https:\/\/www.beilaitoy.com\/tr\/product\/hot-sale-indoor-playground-children-naughty-fort-park\/","title":{"rendered":"S\u0131cak sat\u0131\u015f kapal\u0131 oyun alan\u0131 \u00e7ocuklar\u0131 yaramaz fort park"},"content":{"rendered":"","protected":false},"excerpt":{"rendered":"","protected":false},"featured_media":5778,"template":"","meta":{"_acf_changed":false,"footnotes":""},"product_category":[122],"product_filter":[129],"class_list":["post-5708","product","type-product","status-publish","has-post-thumbnail","hentry","product_category-small-indoor-playground","product_filter-no-restrictions"],"acf":[],"_links":{"self":[{"href":"https:\/\/www.beilaitoy.com\/tr\/wp-json\/wp\/v2\/product\/5708","targetHints":{"allow":["GET"]}}],"collection":[{"href":"https:\/\/www.beilaitoy.com\/tr\/wp-json\/wp\/v2\/product"}],"about":[{"href":"https:\/\/www.beilaitoy.com\/tr\/wp-json\/wp\/v2\/types\/product"}],"version-history":[{"count":2,"href":"https:\/\/www.beilaitoy.com\/tr\/wp-json\/wp\/v2\/product\/5708\/revisions"}],"predecessor-version":[{"id":5791,"href":"https:\/\/www.beilaitoy.com\/tr\/wp-json\/wp\/v2\/product\/5708\/revisions\/5791"}],"wp:featuredmedia":[{"embeddable":true,"href":"https:\/\/www.beilaitoy.com\/tr\/wp-json\/wp\/v2\/media\/5778"}],"wp:attachment":[{"href":"https:\/\/www.beilaitoy.com\/tr\/wp-json\/wp\/v2\/media?parent=5708"}],"wp:term":[{"taxonomy":"product_category","embeddable":true,"href":"https:\/\/www.beilaitoy.com\/tr\/wp-json\/wp\/v2\/product_category?post=5708"},{"taxonomy":"product_filter","embeddable":true,"href":"https:\/\/www.beilaitoy.com\/tr\/wp-json\/wp\/v2\/product_filter?post=5708"}],"curies":[{"name":"wp","href":"https:\/\/api.w.org\/{rel}","templated":true}]}}