{"id":5707,"date":"2025-09-24T09:52:11","date_gmt":"2025-09-24T01:52:11","guid":{"rendered":"https:\/\/beilai.junj.cc\/?post_type=product&#038;p=5700"},"modified":"2025-10-23T17:10:32","modified_gmt":"2025-10-23T09:10:32","slug":"small-theme-park-games-soft-play-equipment","status":"publish","type":"product","link":"https:\/\/www.beilaitoy.com\/tr\/product\/small-theme-park-games-soft-play-equipment\/","title":{"rendered":"K\u00fc\u00e7\u00fck Tema Park\u0131 Oyunlar\u0131 Yumu\u015fak Oyun Ekipmanlar\u0131"},"content":{"rendered":"","protected":false},"excerpt":{"rendered":"","protected":false},"featured_media":5753,"template":"","meta":{"_acf_changed":false,"footnotes":""},"product_category":[122],"product_filter":[129],"class_list":["post-5707","product","type-product","status-publish","has-post-thumbnail","hentry","product_category-small-indoor-playground","product_filter-no-restrictions"],"acf":[],"_links":{"self":[{"href":"https:\/\/www.beilaitoy.com\/tr\/wp-json\/wp\/v2\/product\/5707","targetHints":{"allow":["GET"]}}],"collection":[{"href":"https:\/\/www.beilaitoy.com\/tr\/wp-json\/wp\/v2\/product"}],"about":[{"href":"https:\/\/www.beilaitoy.com\/tr\/wp-json\/wp\/v2\/types\/product"}],"version-history":[{"count":2,"href":"https:\/\/www.beilaitoy.com\/tr\/wp-json\/wp\/v2\/product\/5707\/revisions"}],"predecessor-version":[{"id":5769,"href":"https:\/\/www.beilaitoy.com\/tr\/wp-json\/wp\/v2\/product\/5707\/revisions\/5769"}],"wp:featuredmedia":[{"embeddable":true,"href":"https:\/\/www.beilaitoy.com\/tr\/wp-json\/wp\/v2\/media\/5753"}],"wp:attachment":[{"href":"https:\/\/www.beilaitoy.com\/tr\/wp-json\/wp\/v2\/media?parent=5707"}],"wp:term":[{"taxonomy":"product_category","embeddable":true,"href":"https:\/\/www.beilaitoy.com\/tr\/wp-json\/wp\/v2\/product_category?post=5707"},{"taxonomy":"product_filter","embeddable":true,"href":"https:\/\/www.beilaitoy.com\/tr\/wp-json\/wp\/v2\/product_filter?post=5707"}],"curies":[{"name":"wp","href":"https:\/\/api.w.org\/{rel}","templated":true}]}}