{"id":5703,"date":"2025-09-24T09:37:11","date_gmt":"2025-09-24T01:37:11","guid":{"rendered":"https:\/\/beilai.junj.cc\/?post_type=product&#038;p=5700"},"modified":"2025-10-23T17:10:32","modified_gmt":"2025-10-23T09:10:32","slug":"one-stop-service-childrens-soft-mini-indoor-playground","status":"publish","type":"product","link":"https:\/\/www.beilaitoy.com\/tr\/product\/one-stop-service-childrens-soft-mini-indoor-playground\/","title":{"rendered":"One Stop Service \u00c7ocuklar\u0131n Yumu\u015fak Mini \u0130\u00e7 Mekan Oyun Alan\u0131"},"content":{"rendered":"","protected":false},"excerpt":{"rendered":"","protected":false},"featured_media":5762,"template":"","meta":{"_acf_changed":false,"footnotes":""},"product_category":[122],"product_filter":[129],"class_list":["post-5703","product","type-product","status-publish","has-post-thumbnail","hentry","product_category-small-indoor-playground","product_filter-no-restrictions"],"acf":[],"_links":{"self":[{"href":"https:\/\/www.beilaitoy.com\/tr\/wp-json\/wp\/v2\/product\/5703","targetHints":{"allow":["GET"]}}],"collection":[{"href":"https:\/\/www.beilaitoy.com\/tr\/wp-json\/wp\/v2\/product"}],"about":[{"href":"https:\/\/www.beilaitoy.com\/tr\/wp-json\/wp\/v2\/types\/product"}],"version-history":[{"count":2,"href":"https:\/\/www.beilaitoy.com\/tr\/wp-json\/wp\/v2\/product\/5703\/revisions"}],"predecessor-version":[{"id":5767,"href":"https:\/\/www.beilaitoy.com\/tr\/wp-json\/wp\/v2\/product\/5703\/revisions\/5767"}],"wp:featuredmedia":[{"embeddable":true,"href":"https:\/\/www.beilaitoy.com\/tr\/wp-json\/wp\/v2\/media\/5762"}],"wp:attachment":[{"href":"https:\/\/www.beilaitoy.com\/tr\/wp-json\/wp\/v2\/media?parent=5703"}],"wp:term":[{"taxonomy":"product_category","embeddable":true,"href":"https:\/\/www.beilaitoy.com\/tr\/wp-json\/wp\/v2\/product_category?post=5703"},{"taxonomy":"product_filter","embeddable":true,"href":"https:\/\/www.beilaitoy.com\/tr\/wp-json\/wp\/v2\/product_filter?post=5703"}],"curies":[{"name":"wp","href":"https:\/\/api.w.org\/{rel}","templated":true}]}}