{"id":5332,"date":"2025-09-15T19:06:02","date_gmt":"2025-09-15T11:06:02","guid":{"rendered":"https:\/\/beilai.junj.cc\/?post_type=product&#038;p=5302"},"modified":"2025-10-23T17:10:24","modified_gmt":"2025-10-23T09:10:24","slug":"factory-direct-supply-adventure-indoor-playground","status":"publish","type":"product","link":"https:\/\/www.beilaitoy.com\/tr\/product\/factory-direct-supply-adventure-indoor-playground\/","title":{"rendered":"Fabrika Do\u011frudan Tedarik Maceras\u0131 Kapal\u0131 Oyun Alan\u0131"},"content":{"rendered":"","protected":false},"excerpt":{"rendered":"","protected":false},"featured_media":5427,"template":"","meta":{"_acf_changed":false,"footnotes":""},"product_category":[121],"product_filter":[124,125,126,127,128],"class_list":["post-5332","product","type-product","status-publish","has-post-thumbnail","hentry","product_category-indoor-playground","product_filter-20-80-","product_filter-100-200","product_filter-300-500","product_filter-500-1000","product_filter-128"],"acf":[],"_links":{"self":[{"href":"https:\/\/www.beilaitoy.com\/tr\/wp-json\/wp\/v2\/product\/5332","targetHints":{"allow":["GET"]}}],"collection":[{"href":"https:\/\/www.beilaitoy.com\/tr\/wp-json\/wp\/v2\/product"}],"about":[{"href":"https:\/\/www.beilaitoy.com\/tr\/wp-json\/wp\/v2\/types\/product"}],"version-history":[{"count":2,"href":"https:\/\/www.beilaitoy.com\/tr\/wp-json\/wp\/v2\/product\/5332\/revisions"}],"predecessor-version":[{"id":5450,"href":"https:\/\/www.beilaitoy.com\/tr\/wp-json\/wp\/v2\/product\/5332\/revisions\/5450"}],"wp:featuredmedia":[{"embeddable":true,"href":"https:\/\/www.beilaitoy.com\/tr\/wp-json\/wp\/v2\/media\/5427"}],"wp:attachment":[{"href":"https:\/\/www.beilaitoy.com\/tr\/wp-json\/wp\/v2\/media?parent=5332"}],"wp:term":[{"taxonomy":"product_category","embeddable":true,"href":"https:\/\/www.beilaitoy.com\/tr\/wp-json\/wp\/v2\/product_category?post=5332"},{"taxonomy":"product_filter","embeddable":true,"href":"https:\/\/www.beilaitoy.com\/tr\/wp-json\/wp\/v2\/product_filter?post=5332"}],"curies":[{"name":"wp","href":"https:\/\/api.w.org\/{rel}","templated":true}]}}