{"id":5323,"date":"2025-09-15T18:41:43","date_gmt":"2025-09-15T10:41:43","guid":{"rendered":"https:\/\/beilai.junj.cc\/?post_type=product&#038;p=5302"},"modified":"2026-04-15T17:34:49","modified_gmt":"2026-04-15T09:34:49","slug":"safety-kid-play-area-indoor-playground","status":"publish","type":"product","link":"https:\/\/www.beilaitoy.com\/tr\/product\/safety-kid-play-area-indoor-playground\/","title":{"rendered":"Al\u0131\u015fveri\u015f Merkezi Kapal\u0131 Oyun Alan\u0131 ve Top Havuzu"},"content":{"rendered":"","protected":false},"excerpt":{"rendered":"","protected":false},"featured_media":5367,"template":"","meta":{"_acf_changed":false,"footnotes":""},"product_category":[121],"product_filter":[124,125,126,127,128],"class_list":["post-5323","product","type-product","status-publish","has-post-thumbnail","hentry","product_category-indoor-playground","product_filter-20-80-","product_filter-100-200","product_filter-300-500","product_filter-500-1000","product_filter-128"],"acf":[],"_links":{"self":[{"href":"https:\/\/www.beilaitoy.com\/tr\/wp-json\/wp\/v2\/product\/5323","targetHints":{"allow":["GET"]}}],"collection":[{"href":"https:\/\/www.beilaitoy.com\/tr\/wp-json\/wp\/v2\/product"}],"about":[{"href":"https:\/\/www.beilaitoy.com\/tr\/wp-json\/wp\/v2\/types\/product"}],"version-history":[{"count":4,"href":"https:\/\/www.beilaitoy.com\/tr\/wp-json\/wp\/v2\/product\/5323\/revisions"}],"predecessor-version":[{"id":6610,"href":"https:\/\/www.beilaitoy.com\/tr\/wp-json\/wp\/v2\/product\/5323\/revisions\/6610"}],"wp:featuredmedia":[{"embeddable":true,"href":"https:\/\/www.beilaitoy.com\/tr\/wp-json\/wp\/v2\/media\/5367"}],"wp:attachment":[{"href":"https:\/\/www.beilaitoy.com\/tr\/wp-json\/wp\/v2\/media?parent=5323"}],"wp:term":[{"taxonomy":"product_category","embeddable":true,"href":"https:\/\/www.beilaitoy.com\/tr\/wp-json\/wp\/v2\/product_category?post=5323"},{"taxonomy":"product_filter","embeddable":true,"href":"https:\/\/www.beilaitoy.com\/tr\/wp-json\/wp\/v2\/product_filter?post=5323"}],"curies":[{"name":"wp","href":"https:\/\/api.w.org\/{rel}","templated":true}]}}