{"id":4814,"date":"2024-04-17T11:16:00","date_gmt":"2024-04-17T03:16:00","guid":{"rendered":"https:\/\/beilai.junj.cc\/?post_type=product&#038;p=4814"},"modified":"2025-10-23T17:10:17","modified_gmt":"2025-10-23T09:10:17","slug":"indoor-commercial-adventure-trampoline-park-plan","status":"publish","type":"product","link":"https:\/\/www.beilaitoy.com\/tr\/product\/indoor-commercial-adventure-trampoline-park-plan\/","title":{"rendered":"\u0130\u00e7 Mekan Ticari Macera Trambolin Park Plan\u0131"},"content":{"rendered":"","protected":false},"excerpt":{"rendered":"","protected":false},"featured_media":4873,"template":"","meta":{"_acf_changed":false,"footnotes":""},"product_category":[120],"product_filter":[125,127,128],"class_list":["post-4814","product","type-product","status-publish","has-post-thumbnail","hentry","product_category-trampoline-park","product_filter-100-200","product_filter-500-1000","product_filter-128"],"acf":[],"_links":{"self":[{"href":"https:\/\/www.beilaitoy.com\/tr\/wp-json\/wp\/v2\/product\/4814","targetHints":{"allow":["GET"]}}],"collection":[{"href":"https:\/\/www.beilaitoy.com\/tr\/wp-json\/wp\/v2\/product"}],"about":[{"href":"https:\/\/www.beilaitoy.com\/tr\/wp-json\/wp\/v2\/types\/product"}],"version-history":[{"count":1,"href":"https:\/\/www.beilaitoy.com\/tr\/wp-json\/wp\/v2\/product\/4814\/revisions"}],"predecessor-version":[{"id":4834,"href":"https:\/\/www.beilaitoy.com\/tr\/wp-json\/wp\/v2\/product\/4814\/revisions\/4834"}],"wp:featuredmedia":[{"embeddable":true,"href":"https:\/\/www.beilaitoy.com\/tr\/wp-json\/wp\/v2\/media\/4873"}],"wp:attachment":[{"href":"https:\/\/www.beilaitoy.com\/tr\/wp-json\/wp\/v2\/media?parent=4814"}],"wp:term":[{"taxonomy":"product_category","embeddable":true,"href":"https:\/\/www.beilaitoy.com\/tr\/wp-json\/wp\/v2\/product_category?post=4814"},{"taxonomy":"product_filter","embeddable":true,"href":"https:\/\/www.beilaitoy.com\/tr\/wp-json\/wp\/v2\/product_filter?post=4814"}],"curies":[{"name":"wp","href":"https:\/\/api.w.org\/{rel}","templated":true}]}}