{"id":4813,"date":"2024-04-19T10:42:53","date_gmt":"2024-04-19T02:42:53","guid":{"rendered":"https:\/\/beilai.junj.cc\/?post_type=product&#038;p=4813"},"modified":"2025-10-23T17:10:17","modified_gmt":"2025-10-23T09:10:17","slug":"creative-soft-play-indoor-amusement-playground-park","status":"publish","type":"product","link":"https:\/\/www.beilaitoy.com\/tr\/product\/creative-soft-play-indoor-amusement-playground-park\/","title":{"rendered":"Yarat\u0131c\u0131 Yumu\u015fak Oyun Kapal\u0131 E\u011flence Oyun Park\u0131"},"content":{"rendered":"","protected":false},"excerpt":{"rendered":"","protected":false},"featured_media":4890,"template":"","meta":{"_acf_changed":false,"footnotes":""},"product_category":[121],"product_filter":[124,125,126,127,128],"class_list":["post-4813","product","type-product","status-publish","has-post-thumbnail","hentry","product_category-indoor-playground","product_filter-20-80-","product_filter-100-200","product_filter-300-500","product_filter-500-1000","product_filter-128"],"acf":[],"_links":{"self":[{"href":"https:\/\/www.beilaitoy.com\/tr\/wp-json\/wp\/v2\/product\/4813","targetHints":{"allow":["GET"]}}],"collection":[{"href":"https:\/\/www.beilaitoy.com\/tr\/wp-json\/wp\/v2\/product"}],"about":[{"href":"https:\/\/www.beilaitoy.com\/tr\/wp-json\/wp\/v2\/types\/product"}],"version-history":[{"count":1,"href":"https:\/\/www.beilaitoy.com\/tr\/wp-json\/wp\/v2\/product\/4813\/revisions"}],"predecessor-version":[{"id":4833,"href":"https:\/\/www.beilaitoy.com\/tr\/wp-json\/wp\/v2\/product\/4813\/revisions\/4833"}],"wp:featuredmedia":[{"embeddable":true,"href":"https:\/\/www.beilaitoy.com\/tr\/wp-json\/wp\/v2\/media\/4890"}],"wp:attachment":[{"href":"https:\/\/www.beilaitoy.com\/tr\/wp-json\/wp\/v2\/media?parent=4813"}],"wp:term":[{"taxonomy":"product_category","embeddable":true,"href":"https:\/\/www.beilaitoy.com\/tr\/wp-json\/wp\/v2\/product_category?post=4813"},{"taxonomy":"product_filter","embeddable":true,"href":"https:\/\/www.beilaitoy.com\/tr\/wp-json\/wp\/v2\/product_filter?post=4813"}],"curies":[{"name":"wp","href":"https:\/\/api.w.org\/{rel}","templated":true}]}}