{"id":4829,"date":"2024-04-10T16:21:35","date_gmt":"2024-04-10T08:21:35","guid":{"rendered":"https:\/\/beilai.junj.cc\/?post_type=product&#038;p=4829"},"modified":"2025-10-23T17:10:17","modified_gmt":"2025-10-23T09:10:17","slug":"high-quality-commercial-indoor-playground-equipment","status":"publish","type":"product","link":"https:\/\/www.beilaitoy.com\/fr\/product\/high-quality-commercial-indoor-playground-equipment\/","title":{"rendered":"\u00c9quipement de terrain de jeu d'int\u00e9rieur commercial de haute qualit\u00e9"},"content":{"rendered":"","protected":false},"excerpt":{"rendered":"","protected":false},"featured_media":4887,"template":"","meta":{"_acf_changed":false,"footnotes":""},"product_category":[121],"product_filter":[124,125,126,127,128],"class_list":["post-4829","product","type-product","status-publish","has-post-thumbnail","hentry","product_category-indoor-playground","product_filter-20-80-","product_filter-100-200","product_filter-300-500","product_filter-500-1000","product_filter-128"],"acf":[],"_links":{"self":[{"href":"https:\/\/www.beilaitoy.com\/fr\/wp-json\/wp\/v2\/product\/4829","targetHints":{"allow":["GET"]}}],"collection":[{"href":"https:\/\/www.beilaitoy.com\/fr\/wp-json\/wp\/v2\/product"}],"about":[{"href":"https:\/\/www.beilaitoy.com\/fr\/wp-json\/wp\/v2\/types\/product"}],"version-history":[{"count":1,"href":"https:\/\/www.beilaitoy.com\/fr\/wp-json\/wp\/v2\/product\/4829\/revisions"}],"predecessor-version":[{"id":4849,"href":"https:\/\/www.beilaitoy.com\/fr\/wp-json\/wp\/v2\/product\/4829\/revisions\/4849"}],"wp:featuredmedia":[{"embeddable":true,"href":"https:\/\/www.beilaitoy.com\/fr\/wp-json\/wp\/v2\/media\/4887"}],"wp:attachment":[{"href":"https:\/\/www.beilaitoy.com\/fr\/wp-json\/wp\/v2\/media?parent=4829"}],"wp:term":[{"taxonomy":"product_category","embeddable":true,"href":"https:\/\/www.beilaitoy.com\/fr\/wp-json\/wp\/v2\/product_category?post=4829"},{"taxonomy":"product_filter","embeddable":true,"href":"https:\/\/www.beilaitoy.com\/fr\/wp-json\/wp\/v2\/product_filter?post=4829"}],"curies":[{"name":"wp","href":"https:\/\/api.w.org\/{rel}","templated":true}]}}