{"id":5705,"date":"2025-09-24T09:55:22","date_gmt":"2025-09-24T01:55:22","guid":{"rendered":"https:\/\/beilai.junj.cc\/?post_type=product&#038;p=5700"},"modified":"2025-10-23T17:10:32","modified_gmt":"2025-10-23T09:10:32","slug":"small-theme-park-game-software-amusement-equipment","status":"publish","type":"product","link":"https:\/\/www.beilaitoy.com\/es\/product\/small-theme-park-game-software-amusement-equipment\/","title":{"rendered":"Software de juego de parques tem\u00e1ticos peque\u00f1os equipos de diversi\u00f3n"},"content":{"rendered":"","protected":false},"excerpt":{"rendered":"","protected":false},"featured_media":5774,"template":"","meta":{"_acf_changed":false,"footnotes":""},"product_category":[122],"product_filter":[129],"class_list":["post-5705","product","type-product","status-publish","has-post-thumbnail","hentry","product_category-small-indoor-playground","product_filter-no-restrictions"],"acf":[],"_links":{"self":[{"href":"https:\/\/www.beilaitoy.com\/es\/wp-json\/wp\/v2\/product\/5705","targetHints":{"allow":["GET"]}}],"collection":[{"href":"https:\/\/www.beilaitoy.com\/es\/wp-json\/wp\/v2\/product"}],"about":[{"href":"https:\/\/www.beilaitoy.com\/es\/wp-json\/wp\/v2\/types\/product"}],"version-history":[{"count":3,"href":"https:\/\/www.beilaitoy.com\/es\/wp-json\/wp\/v2\/product\/5705\/revisions"}],"predecessor-version":[{"id":5790,"href":"https:\/\/www.beilaitoy.com\/es\/wp-json\/wp\/v2\/product\/5705\/revisions\/5790"}],"wp:featuredmedia":[{"embeddable":true,"href":"https:\/\/www.beilaitoy.com\/es\/wp-json\/wp\/v2\/media\/5774"}],"wp:attachment":[{"href":"https:\/\/www.beilaitoy.com\/es\/wp-json\/wp\/v2\/media?parent=5705"}],"wp:term":[{"taxonomy":"product_category","embeddable":true,"href":"https:\/\/www.beilaitoy.com\/es\/wp-json\/wp\/v2\/product_category?post=5705"},{"taxonomy":"product_filter","embeddable":true,"href":"https:\/\/www.beilaitoy.com\/es\/wp-json\/wp\/v2\/product_filter?post=5705"}],"curies":[{"name":"wp","href":"https:\/\/api.w.org\/{rel}","templated":true}]}}